{"id":1968,"date":"2025-02-04T05:33:23","date_gmt":"2025-02-04T05:33:23","guid":{"rendered":"https:\/\/ahkfjx.com\/?page_id=1968"},"modified":"2026-03-13T13:56:26","modified_gmt":"2026-03-13T05:56:26","slug":"videos","status":"publish","type":"page","link":"https:\/\/www.ahkfjx.com\/es\/videos\/","title":{"rendered":"V\u00eddeos"},"content":{"rendered":"<div data-elementor-type=\"wp-page\" data-elementor-id=\"1968\" class=\"elementor elementor-1968\" data-elementor-post-type=\"page\">\n\t\t\t\t<div class=\"elementor-element elementor-element-dd4441f e-flex e-con-boxed e-con e-parent\" data-id=\"dd4441f\" data-element_type=\"container\" data-settings=\"{&quot;background_background&quot;:&quot;classic&quot;}\">\n\t\t\t\t\t<div class=\"e-con-inner\">\n\t\t<div class=\"elementor-element elementor-element-f1e86ed e-con-full e-flex e-con e-child\" data-id=\"f1e86ed\" data-element_type=\"container\">\n\t\t<div class=\"elementor-element elementor-element-58dad6e e-con-full e-flex e-con e-child\" data-id=\"58dad6e\" data-element_type=\"container\">\n\t\t\t\t<div class=\"elementor-element elementor-element-d1abf2f elementor-widget elementor-widget-heading\" data-id=\"d1abf2f\" data-element_type=\"widget\" data-widget_type=\"heading.default\">\n\t\t\t\t<div class=\"elementor-widget-container\">\n\t\t\t\t\t<h1 class=\"elementor-heading-title elementor-size-default\">V\u00eddeos<\/h1>\t\t\t\t<\/div>\n\t\t\t\t<\/div>\n\t\t\t\t<div class=\"elementor-element elementor-element-632061f elementor-widget elementor-widget-heading\" data-id=\"632061f\" data-element_type=\"widget\" data-widget_type=\"heading.default\">\n\t\t\t\t<div class=\"elementor-widget-container\">\n\t\t\t\t\t<p class=\"elementor-heading-title elementor-size-default\">Kaifeng recopila muchos temas de v\u00eddeos de m\u00e1quinas de pl\u00e1stico sobre principios de funcionamiento, procesamiento, conocimientos, etc.<\/p>\t\t\t\t<\/div>\n\t\t\t\t<\/div>\n\t\t\t\t<div class=\"elementor-element elementor-element-68b2e04 elementor-widget elementor-widget-shortcode\" data-id=\"68b2e04\" data-element_type=\"widget\" data-widget_type=\"shortcode.default\">\n\t\t\t\t<div class=\"elementor-widget-container\">\n\t\t\t\t\t\t\t<div class=\"elementor-shortcode\"><nav aria-label=\"pan rallado\" class=\"rank-math-breadcrumb\"><p><span class=\"last\">Inicio<\/span><\/p><\/nav><\/div>\n\t\t\t\t\t\t<\/div>\n\t\t\t\t<\/div>\n\t\t\t\t<\/div>\n\t\t\t\t<\/div>\n\t\t\t\t\t<\/div>\n\t\t\t\t<\/div>\n\t\t<div class=\"elementor-element elementor-element-8d34381 e-flex e-con-boxed e-con e-parent\" data-id=\"8d34381\" data-element_type=\"container\">\n\t\t\t\t\t<div class=\"e-con-inner\">\n\t\t\t\t<div class=\"elementor-element elementor-element-93457d0 elementor-grid-3 elementor-grid-tablet-2 elementor-grid-mobile-1 elementor-posts--thumbnail-top elementor-widget elementor-widget-posts\" data-id=\"93457d0\" data-element_type=\"widget\" data-settings=\"{&quot;pagination_type&quot;:&quot;numbers&quot;,&quot;classic_columns&quot;:&quot;3&quot;,&quot;classic_columns_tablet&quot;:&quot;2&quot;,&quot;classic_columns_mobile&quot;:&quot;1&quot;,&quot;classic_row_gap&quot;:{&quot;unit&quot;:&quot;px&quot;,&quot;size&quot;:35,&quot;sizes&quot;:[]},&quot;classic_row_gap_tablet&quot;:{&quot;unit&quot;:&quot;px&quot;,&quot;size&quot;:&quot;&quot;,&quot;sizes&quot;:[]},&quot;classic_row_gap_mobile&quot;:{&quot;unit&quot;:&quot;px&quot;,&quot;size&quot;:&quot;&quot;,&quot;sizes&quot;:[]}}\" data-widget_type=\"posts.classic\">\n\t\t\t\t<div class=\"elementor-widget-container\">\n\t\t\t\t\t\t\t<div class=\"elementor-posts-container elementor-posts elementor-posts--skin-classic elementor-grid\" role=\"list\">\n\t\t\t\t<article class=\"elementor-post elementor-grid-item post-6887 video type-video status-publish hentry\" role=\"listitem\">\n\t\t\t\t<div class=\"elementor-post__text\">\n\t\t\t\t<h2 class=\"elementor-post__title\">\n\t\t\t<a href=\"https:\/\/www.ahkfjx.com\/es\/video\/application-of-color-masterbatch-machine-suction-machine-dryer-and-chiller-in-the-pe-industry\/\" >\n\t\t\t\tApplication of color masterbatch machine, suction machine, dryer and chiller in the PE industry\t\t\t<\/a>\n\t\t<\/h2>\n\t\t\t\t<div class=\"elementor-post__meta-data\">\n\t\t\t\t\t<span class=\"elementor-post-date\">\n\t\t\tmarzo 17, 2026\t\t<\/span>\n\t\t\t\t<\/div>\n\t\t\t\t<div class=\"elementor-post__excerpt\">\n\t\t\t<p>https:\/\/www.ahkfjx.com\/wp-content\/uploads\/2026\/02\/Application-of-color-masterbatch-machine-suction-machine-dryer-and-chiller-in-the-PE-industry.mp4 Step inside the INDORAMA POLYMER factory and witness the seamless integration of color masterbatch machines, loaders, dryers, and chillers in the PE industry. This<\/p>\n\t\t<\/div>\n\t\t\n\t\t<a class=\"elementor-post__read-more\" href=\"https:\/\/www.ahkfjx.com\/es\/video\/application-of-color-masterbatch-machine-suction-machine-dryer-and-chiller-in-the-pe-industry\/\" aria-label=\"M\u00e1s informaci\u00f3n sobre Application of color masterbatch machine, suction machine, dryer and chiller in the PE industry\" tabindex=\"-1\" >\n\t\t\tLeer M\u00e1s \"\t\t<\/a>\n\n\t\t\t\t<\/div>\n\t\t\t\t<\/article>\n\t\t\t\t<article class=\"elementor-post elementor-grid-item post-6889 video type-video status-publish hentry\" role=\"listitem\">\n\t\t\t\t<div class=\"elementor-post__text\">\n\t\t\t\t<h2 class=\"elementor-post__title\">\n\t\t\t<a href=\"https:\/\/www.ahkfjx.com\/es\/video\/european-crusher-for-refrigerator-gasket-recycling\/\" >\n\t\t\t\tEuropean Crusher for Refrigerator Gasket Recycling\t\t\t<\/a>\n\t\t<\/h2>\n\t\t\t\t<div class=\"elementor-post__meta-data\">\n\t\t\t\t\t<span class=\"elementor-post-date\">\n\t\t\tmarzo 17, 2026\t\t<\/span>\n\t\t\t\t<\/div>\n\t\t\t\t<div class=\"elementor-post__excerpt\">\n\t\t\t<p>https:\/\/www.ahkfjx.com\/wp-content\/uploads\/2026\/02\/European-Crusher-for-Refrigerator-Gasket-Recycling.mp4 Witness the European crusher in action, efficiently crushing refrigerator sealing strips for recycling. See how robust engineering and precision crushing transform waste materials into<\/p>\n\t\t<\/div>\n\t\t\n\t\t<a class=\"elementor-post__read-more\" href=\"https:\/\/www.ahkfjx.com\/es\/video\/european-crusher-for-refrigerator-gasket-recycling\/\" aria-label=\"M\u00e1s informaci\u00f3n sobre European Crusher for Refrigerator Gasket Recycling\" tabindex=\"-1\" >\n\t\t\tLeer M\u00e1s \"\t\t<\/a>\n\n\t\t\t\t<\/div>\n\t\t\t\t<\/article>\n\t\t\t\t<article class=\"elementor-post elementor-grid-item post-6896 video type-video status-publish hentry\" role=\"listitem\">\n\t\t\t\t<div class=\"elementor-post__text\">\n\t\t\t\t<h2 class=\"elementor-post__title\">\n\t\t\t<a href=\"https:\/\/www.ahkfjx.com\/es\/video\/material-suction-machine-dryer-installation-at-customer-site\/\" >\n\t\t\t\tmaterial suction machine &amp; Dryer Installation at Customer Site\t\t\t<\/a>\n\t\t<\/h2>\n\t\t\t\t<div class=\"elementor-post__meta-data\">\n\t\t\t\t\t<span class=\"elementor-post-date\">\n\t\t\tmarzo 17, 2026\t\t<\/span>\n\t\t\t\t<\/div>\n\t\t\t\t<div class=\"elementor-post__excerpt\">\n\t\t\t<p>https:\/\/www.ahkfjx.com\/wp-content\/uploads\/2026\/02\/material-suction-machine-Dryer-Installation-at-Customer-Site.mp4 Step inside the customer site of Kaifeng material suction machines and dryers, where precision engineering meets reliable performance. See how advanced automation ensures seamless<\/p>\n\t\t<\/div>\n\t\t\n\t\t<a class=\"elementor-post__read-more\" href=\"https:\/\/www.ahkfjx.com\/es\/video\/material-suction-machine-dryer-installation-at-customer-site\/\" aria-label=\"M\u00e1s informaci\u00f3n sobre material suction machine &amp; Dryer Installation at Customer Site\" tabindex=\"-1\" >\n\t\t\tLeer M\u00e1s \"\t\t<\/a>\n\n\t\t\t\t<\/div>\n\t\t\t\t<\/article>\n\t\t\t\t<article class=\"elementor-post elementor-grid-item post-6892 video type-video status-publish hentry\" role=\"listitem\">\n\t\t\t\t<div class=\"elementor-post__text\">\n\t\t\t\t<h2 class=\"elementor-post__title\">\n\t\t\t<a href=\"https:\/\/www.ahkfjx.com\/es\/video\/haitian-16600t-2300-injection-molding-machine-with-kaifeng-auxiliary-equipment\/\" >\n\t\t\t\tHaitiana 16600T-2300 M\u00e1quina de moldeo por inyecci\u00f3n con equipo auxiliar\t\t\t<\/a>\n\t\t<\/h2>\n\t\t\t\t<div class=\"elementor-post__meta-data\">\n\t\t\t\t\t<span class=\"elementor-post-date\">\n\t\t\tmarzo 17, 2026\t\t<\/span>\n\t\t\t\t<\/div>\n\t\t\t\t<div class=\"elementor-post__excerpt\">\n\t\t\t<p>https:\/\/www.ahkfjx.com\/wp-content\/uploads\/2026\/02\/Haitian-16600T-2300-Injection-Molding-Machine-with-Kaifeng-Auxiliary-Equipment.mp4 Walk inside the assembly area of the Haitian 16,600T-2300 injection molding machine, paired with Kaifeng auxiliary equipment. This powerful combination represents the pinnacle of<\/p>\n\t\t<\/div>\n\t\t\n\t\t<a class=\"elementor-post__read-more\" href=\"https:\/\/www.ahkfjx.com\/es\/video\/haitian-16600t-2300-injection-molding-machine-with-kaifeng-auxiliary-equipment\/\" aria-label=\"M\u00e1s informaci\u00f3n sobre Haitian 16600T-2300 Injection Molding Machine with Auxiliary Equipment\" tabindex=\"-1\" >\n\t\t\tLeer M\u00e1s \"\t\t<\/a>\n\n\t\t\t\t<\/div>\n\t\t\t\t<\/article>\n\t\t\t\t<article class=\"elementor-post elementor-grid-item post-6877 video type-video status-publish hentry\" role=\"listitem\">\n\t\t\t\t<div class=\"elementor-post__text\">\n\t\t\t\t<h2 class=\"elementor-post__title\">\n\t\t\t<a href=\"https:\/\/www.ahkfjx.com\/es\/video\/1200-european-crusher-integrated-recycling-line-with-vibrating-screen\/\" >\n\t\t\t\tTrituradora europea 1200 L\u00ednea de reciclaje integrada con criba vibratoria\t\t\t<\/a>\n\t\t<\/h2>\n\t\t\t\t<div class=\"elementor-post__meta-data\">\n\t\t\t\t\t<span class=\"elementor-post-date\">\n\t\t\t11 de febrero de 2026\t\t<\/span>\n\t\t\t\t<\/div>\n\t\t\t\t<div class=\"elementor-post__excerpt\">\n\t\t\t<p>https:\/\/www.ahkfjx.com\/wp-content\/uploads\/2026\/02\/1200-European-Crusher-Integrated-Recycling-Line-with-Vibrating-Screen.mp4 Step inside the KAIFENG crushing site and witness the powerful synergy of the 1200 European-style crusher, conveyor belt, vibrating screen, and recycling system in<\/p>\n\t\t<\/div>\n\t\t\n\t\t<a class=\"elementor-post__read-more\" href=\"https:\/\/www.ahkfjx.com\/es\/video\/1200-european-crusher-integrated-recycling-line-with-vibrating-screen\/\" aria-label=\"M\u00e1s informaci\u00f3n sobre 1200 European Crusher Integrated Recycling Line with Vibrating Screen\" tabindex=\"-1\" >\n\t\t\tLeer M\u00e1s \"\t\t<\/a>\n\n\t\t\t\t<\/div>\n\t\t\t\t<\/article>\n\t\t\t\t<article class=\"elementor-post elementor-grid-item post-6870 video type-video status-publish hentry\" role=\"listitem\">\n\t\t\t\t<div class=\"elementor-post__text\">\n\t\t\t\t<h2 class=\"elementor-post__title\">\n\t\t\t<a href=\"https:\/\/www.ahkfjx.com\/es\/video\/800-european-crusher-integrated-recycling-dust-separation-line\/\" >\n\t\t\t\tTrituradora europea 800 L\u00ednea integrada de reciclaje y separaci\u00f3n de polvo\t\t\t<\/a>\n\t\t<\/h2>\n\t\t\t\t<div class=\"elementor-post__meta-data\">\n\t\t\t\t\t<span class=\"elementor-post-date\">\n\t\t\t11 de febrero de 2026\t\t<\/span>\n\t\t\t\t<\/div>\n\t\t\t\t<div class=\"elementor-post__excerpt\">\n\t\t\t<p>https:\/\/www.ahkfjx.com\/wp-content\/uploads\/2026\/02\/800-European-Style-Crusher-Integrated-Recycling-Dust-Separation-Line.mp4 Step inside the KAIFENG crushing and recycling line and witness the seamless integration of the 800 European-style crusher, metal detector conveyor belt, recycling system,<\/p>\n\t\t<\/div>\n\t\t\n\t\t<a class=\"elementor-post__read-more\" href=\"https:\/\/www.ahkfjx.com\/es\/video\/800-european-crusher-integrated-recycling-dust-separation-line\/\" aria-label=\"M\u00e1s informaci\u00f3n sobre 800 European Crusher Integrated Recycling &amp; Dust Separation Line\" tabindex=\"-1\" >\n\t\t\tLeer M\u00e1s \"\t\t<\/a>\n\n\t\t\t\t<\/div>\n\t\t\t\t<\/article>\n\t\t\t\t<\/div>\n\t\t\n\t\t\t\t<div class=\"e-load-more-anchor\" data-page=\"1\" data-max-page=\"2\" data-next-page=\"https:\/\/www.ahkfjx.com\/wp-json\/wp\/v2\/pages\/1968\/page\/2\/\"><\/div>\n\t\t\t\t<nav class=\"elementor-pagination\" aria-label=\"Paginaci\u00f3n\">\n\t\t\t<span aria-current=\"page\" class=\"page-numbers current\"><span class=\"elementor-screen-only\">P\u00e1gina<\/span>1<\/span>\n<a class=\"page-numbers\" href=\"https:\/\/www.ahkfjx.com\/wp-json\/wp\/v2\/pages\/1968\/page\/2\/\"><span class=\"elementor-screen-only\">P\u00e1gina<\/span>2<\/a>\t\t<\/nav>\n\t\t\t\t\t\t<\/div>\n\t\t\t\t<\/div>\n\t\t\t\t\t<\/div>\n\t\t\t\t<\/div>\n\t\t\t\t<\/div>","protected":false},"excerpt":{"rendered":"<p>Videos Kaifeng collects many themes of plastic machine videos about working principles, processing, knowledge and so on.<\/p>","protected":false},"author":4,"featured_media":0,"parent":0,"menu_order":0,"comment_status":"closed","ping_status":"closed","template":"","meta":{"_acf_changed":false,"site-sidebar-layout":"no-sidebar","site-content-layout":"page-builder","ast-site-content-layout":"full-width-container","site-content-style":"default","site-sidebar-style":"default","ast-global-header-display":"","ast-banner-title-visibility":"","ast-main-header-display":"","ast-hfb-above-header-display":"","ast-hfb-below-header-display":"","ast-hfb-mobile-header-display":"","site-post-title":"disabled","ast-breadcrumbs-content":"","ast-featured-img":"disabled","footer-sml-layout":"","ast-disable-related-posts":"","theme-transparent-header-meta":"","adv-header-id-meta":"","stick-header-meta":"","header-above-stick-meta":"","header-main-stick-meta":"","header-below-stick-meta":"","astra-migrate-meta-layouts":"set","ast-page-background-enabled":"default","ast-page-background-meta":{"desktop":{"background-color":"","background-image":"","background-repeat":"repeat","background-position":"center center","background-size":"auto","background-attachment":"scroll","background-type":"","background-media":"","overlay-type":"","overlay-color":"","overlay-opacity":"","overlay-gradient":""},"tablet":{"background-color":"","background-image":"","background-repeat":"repeat","background-position":"center center","background-size":"auto","background-attachment":"scroll","background-type":"","background-media":"","overlay-type":"","overlay-color":"","overlay-opacity":"","overlay-gradient":""},"mobile":{"background-color":"","background-image":"","background-repeat":"repeat","background-position":"center center","background-size":"auto","background-attachment":"scroll","background-type":"","background-media":"","overlay-type":"","overlay-color":"","overlay-opacity":"","overlay-gradient":""}},"ast-content-background-meta":{"desktop":{"background-color":"var(--ast-global-color-5)","background-image":"","background-repeat":"repeat","background-position":"center center","background-size":"auto","background-attachment":"scroll","background-type":"","background-media":"","overlay-type":"","overlay-color":"","overlay-opacity":"","overlay-gradient":""},"tablet":{"background-color":"var(--ast-global-color-5)","background-image":"","background-repeat":"repeat","background-position":"center center","background-size":"auto","background-attachment":"scroll","background-type":"","background-media":"","overlay-type":"","overlay-color":"","overlay-opacity":"","overlay-gradient":""},"mobile":{"background-color":"var(--ast-global-color-5)","background-image":"","background-repeat":"repeat","background-position":"center center","background-size":"auto","background-attachment":"scroll","background-type":"","background-media":"","overlay-type":"","overlay-color":"","overlay-opacity":"","overlay-gradient":""}},"footnotes":""},"class_list":["post-1968","page","type-page","status-publish","hentry"],"acf":[],"_links":{"self":[{"href":"https:\/\/www.ahkfjx.com\/es\/wp-json\/wp\/v2\/pages\/1968","targetHints":{"allow":["GET"]}}],"collection":[{"href":"https:\/\/www.ahkfjx.com\/es\/wp-json\/wp\/v2\/pages"}],"about":[{"href":"https:\/\/www.ahkfjx.com\/es\/wp-json\/wp\/v2\/types\/page"}],"author":[{"embeddable":true,"href":"https:\/\/www.ahkfjx.com\/es\/wp-json\/wp\/v2\/users\/4"}],"replies":[{"embeddable":true,"href":"https:\/\/www.ahkfjx.com\/es\/wp-json\/wp\/v2\/comments?post=1968"}],"version-history":[{"count":19,"href":"https:\/\/www.ahkfjx.com\/es\/wp-json\/wp\/v2\/pages\/1968\/revisions"}],"predecessor-version":[{"id":7002,"href":"https:\/\/www.ahkfjx.com\/es\/wp-json\/wp\/v2\/pages\/1968\/revisions\/7002"}],"wp:attachment":[{"href":"https:\/\/www.ahkfjx.com\/es\/wp-json\/wp\/v2\/media?parent=1968"}],"curies":[{"name":"wp","href":"https:\/\/api.w.org\/{rel}","templated":true}]}}