{"id":1968,"date":"2025-02-04T05:33:23","date_gmt":"2025-02-04T05:33:23","guid":{"rendered":"https:\/\/ahkfjx.com\/?page_id=1968"},"modified":"2026-03-13T13:56:26","modified_gmt":"2026-03-13T05:56:26","slug":"videos","status":"publish","type":"page","link":"https:\/\/www.ahkfjx.com\/pt\/videos\/","title":{"rendered":"V\u00eddeos"},"content":{"rendered":"<div data-elementor-type=\"wp-page\" data-elementor-id=\"1968\" class=\"elementor elementor-1968\" data-elementor-post-type=\"page\">\n\t\t\t\t<div class=\"elementor-element elementor-element-dd4441f e-flex e-con-boxed e-con e-parent\" data-id=\"dd4441f\" data-element_type=\"container\" data-e-type=\"container\" data-settings=\"{&quot;background_background&quot;:&quot;classic&quot;}\">\n\t\t\t\t\t<div class=\"e-con-inner\">\n\t\t<div class=\"elementor-element elementor-element-f1e86ed e-con-full e-flex e-con e-child\" data-id=\"f1e86ed\" data-element_type=\"container\" data-e-type=\"container\">\n\t\t<div class=\"elementor-element elementor-element-58dad6e e-con-full e-flex e-con e-child\" data-id=\"58dad6e\" data-element_type=\"container\" data-e-type=\"container\">\n\t\t\t\t<div class=\"elementor-element elementor-element-d1abf2f elementor-widget elementor-widget-heading\" data-id=\"d1abf2f\" data-element_type=\"widget\" data-e-type=\"widget\" data-widget_type=\"heading.default\">\n\t\t\t\t<div class=\"elementor-widget-container\">\n\t\t\t\t\t<h1 class=\"elementor-heading-title elementor-size-default\">V\u00eddeos<\/h1>\t\t\t\t<\/div>\n\t\t\t\t<\/div>\n\t\t\t\t<div class=\"elementor-element elementor-element-632061f elementor-widget elementor-widget-heading\" data-id=\"632061f\" data-element_type=\"widget\" data-e-type=\"widget\" data-widget_type=\"heading.default\">\n\t\t\t\t<div class=\"elementor-widget-container\">\n\t\t\t\t\t<p class=\"elementor-heading-title elementor-size-default\">Kaifeng recolhe muitos temas de v\u00eddeos de m\u00e1quinas de pl\u00e1stico sobre princ\u00edpios de funcionamento, processamento, conhecimento e assim por diante.<\/p>\t\t\t\t<\/div>\n\t\t\t\t<\/div>\n\t\t\t\t<div class=\"elementor-element elementor-element-68b2e04 elementor-widget elementor-widget-shortcode\" data-id=\"68b2e04\" data-element_type=\"widget\" data-e-type=\"widget\" data-widget_type=\"shortcode.default\">\n\t\t\t\t<div class=\"elementor-widget-container\">\n\t\t\t\t\t\t\t<div class=\"elementor-shortcode\"><nav aria-label=\"migalhas de p\u00e3o\" class=\"rank-math-breadcrumb\"><p><span class=\"last\">In\u00edcio<\/span><\/p><\/nav><\/div>\n\t\t\t\t\t\t<\/div>\n\t\t\t\t<\/div>\n\t\t\t\t<\/div>\n\t\t\t\t<\/div>\n\t\t\t\t\t<\/div>\n\t\t\t\t<\/div>\n\t\t<div class=\"elementor-element elementor-element-8d34381 e-flex e-con-boxed e-con e-parent\" data-id=\"8d34381\" data-element_type=\"container\" data-e-type=\"container\">\n\t\t\t\t\t<div class=\"e-con-inner\">\n\t\t\t\t<div class=\"elementor-element elementor-element-93457d0 elementor-grid-3 elementor-grid-tablet-2 elementor-grid-mobile-1 elementor-posts--thumbnail-top elementor-widget elementor-widget-posts\" data-id=\"93457d0\" data-element_type=\"widget\" data-e-type=\"widget\" data-settings=\"{&quot;pagination_type&quot;:&quot;numbers&quot;,&quot;classic_columns&quot;:&quot;3&quot;,&quot;classic_columns_tablet&quot;:&quot;2&quot;,&quot;classic_columns_mobile&quot;:&quot;1&quot;,&quot;classic_row_gap&quot;:{&quot;unit&quot;:&quot;px&quot;,&quot;size&quot;:35,&quot;sizes&quot;:[]},&quot;classic_row_gap_tablet&quot;:{&quot;unit&quot;:&quot;px&quot;,&quot;size&quot;:&quot;&quot;,&quot;sizes&quot;:[]},&quot;classic_row_gap_mobile&quot;:{&quot;unit&quot;:&quot;px&quot;,&quot;size&quot;:&quot;&quot;,&quot;sizes&quot;:[]}}\" data-widget_type=\"posts.classic\">\n\t\t\t\t<div class=\"elementor-widget-container\">\n\t\t\t\t\t\t\t<div class=\"elementor-posts-container elementor-posts elementor-posts--skin-classic elementor-grid\" role=\"list\">\n\t\t\t\t<article class=\"elementor-post elementor-grid-item post-6887 video type-video status-publish hentry\" role=\"listitem\">\n\t\t\t\t<div class=\"elementor-post__text\">\n\t\t\t\t<h2 class=\"elementor-post__title\">\n\t\t\t<a href=\"https:\/\/www.ahkfjx.com\/pt\/video\/application-of-color-masterbatch-machine-suction-machine-dryer-and-chiller-in-the-pe-industry\/\" >\n\t\t\t\tAplica\u00e7\u00e3o da m\u00e1quina de masterbatch de cor, m\u00e1quina de suc\u00e7\u00e3o, secador e refrigerador na ind\u00fastria de PE\t\t\t<\/a>\n\t\t<\/h2>\n\t\t\t\t<div class=\"elementor-post__meta-data\">\n\t\t\t\t\t<span class=\"elementor-post-date\">\n\t\t\t17 de mar\u00e7o de 2026\t\t<\/span>\n\t\t\t\t<\/div>\n\t\t\t\t<div class=\"elementor-post__excerpt\">\n\t\t\t<p>https:\/\/www.ahkfjx.com\/wp-content\/uploads\/2026\/02\/Application-of-color-masterbatch-machine-suction-machine-dryer-and-chiller-in-the-PE-industry.mp4 Entre na f\u00e1brica da INDORAMA POLYMER e testemunhe a integra\u00e7\u00e3o perfeita de m\u00e1quinas de masterbatch de cores, carregadores, secadores e refrigeradores na ind\u00fastria de PE. Este<\/p>\n\t\t<\/div>\n\t\t\n\t\t<a class=\"elementor-post__read-more\" href=\"https:\/\/www.ahkfjx.com\/pt\/video\/application-of-color-masterbatch-machine-suction-machine-dryer-and-chiller-in-the-pe-industry\/\" aria-label=\"Read more about Application of color masterbatch machine, suction machine, dryer and chiller in the PE industry\" tabindex=\"-1\" >\n\t\t\tLer mais \"\t\t<\/a>\n\n\t\t\t\t<\/div>\n\t\t\t\t<\/article>\n\t\t\t\t<article class=\"elementor-post elementor-grid-item post-6889 video type-video status-publish hentry\" role=\"listitem\">\n\t\t\t\t<div class=\"elementor-post__text\">\n\t\t\t\t<h2 class=\"elementor-post__title\">\n\t\t\t<a href=\"https:\/\/www.ahkfjx.com\/pt\/video\/european-crusher-for-refrigerator-gasket-recycling\/\" >\n\t\t\t\tTriturador europeu para a reciclagem de juntas de frigor\u00edficos\t\t\t<\/a>\n\t\t<\/h2>\n\t\t\t\t<div class=\"elementor-post__meta-data\">\n\t\t\t\t\t<span class=\"elementor-post-date\">\n\t\t\t17 de mar\u00e7o de 2026\t\t<\/span>\n\t\t\t\t<\/div>\n\t\t\t\t<div class=\"elementor-post__excerpt\">\n\t\t\t<p>https:\/\/www.ahkfjx.com\/wp-content\/uploads\/2026\/02\/European-Crusher-for-Refrigerator-Gasket-Recycling.mp4 Veja o triturador europeu em a\u00e7\u00e3o, triturando eficazmente as tiras de veda\u00e7\u00e3o dos frigor\u00edficos para reciclagem. Veja como a engenharia robusta e a tritura\u00e7\u00e3o de precis\u00e3o transformam os res\u00edduos em<\/p>\n\t\t<\/div>\n\t\t\n\t\t<a class=\"elementor-post__read-more\" href=\"https:\/\/www.ahkfjx.com\/pt\/video\/european-crusher-for-refrigerator-gasket-recycling\/\" aria-label=\"Read more about European Crusher for Refrigerator Gasket Recycling\" tabindex=\"-1\" >\n\t\t\tLer mais \"\t\t<\/a>\n\n\t\t\t\t<\/div>\n\t\t\t\t<\/article>\n\t\t\t\t<article class=\"elementor-post elementor-grid-item post-6896 video type-video status-publish hentry\" role=\"listitem\">\n\t\t\t\t<div class=\"elementor-post__text\">\n\t\t\t\t<h2 class=\"elementor-post__title\">\n\t\t\t<a href=\"https:\/\/www.ahkfjx.com\/pt\/video\/material-suction-machine-dryer-installation-at-customer-site\/\" >\n\t\t\t\tM\u00e1quina de suc\u00e7\u00e3o de material e instala\u00e7\u00e3o de secador no local do cliente\t\t\t<\/a>\n\t\t<\/h2>\n\t\t\t\t<div class=\"elementor-post__meta-data\">\n\t\t\t\t\t<span class=\"elementor-post-date\">\n\t\t\t17 de mar\u00e7o de 2026\t\t<\/span>\n\t\t\t\t<\/div>\n\t\t\t\t<div class=\"elementor-post__excerpt\">\n\t\t\t<p>https:\/\/www.ahkfjx.com\/wp-content\/uploads\/2026\/02\/material-suction-machine-Dryer-Installation-at-Customer-Site.mp4 Entre nas instala\u00e7\u00f5es do cliente das m\u00e1quinas de aspira\u00e7\u00e3o de materiais e secadores de Kaifeng, onde a engenharia de precis\u00e3o encontra um desempenho fi\u00e1vel. Veja como a automatiza\u00e7\u00e3o avan\u00e7ada garante um funcionamento sem falhas<\/p>\n\t\t<\/div>\n\t\t\n\t\t<a class=\"elementor-post__read-more\" href=\"https:\/\/www.ahkfjx.com\/pt\/video\/material-suction-machine-dryer-installation-at-customer-site\/\" aria-label=\"Read more about material suction machine &amp; Dryer Installation at Customer Site\" tabindex=\"-1\" >\n\t\t\tLer mais \"\t\t<\/a>\n\n\t\t\t\t<\/div>\n\t\t\t\t<\/article>\n\t\t\t\t<article class=\"elementor-post elementor-grid-item post-6892 video type-video status-publish hentry\" role=\"listitem\">\n\t\t\t\t<div class=\"elementor-post__text\">\n\t\t\t\t<h2 class=\"elementor-post__title\">\n\t\t\t<a href=\"https:\/\/www.ahkfjx.com\/pt\/video\/haitian-16600t-2300-injection-molding-machine-with-kaifeng-auxiliary-equipment\/\" >\n\t\t\t\tM\u00e1quina de moldagem por inje\u00e7\u00e3o Haitian 16600T-2300 com equipamento auxiliar\t\t\t<\/a>\n\t\t<\/h2>\n\t\t\t\t<div class=\"elementor-post__meta-data\">\n\t\t\t\t\t<span class=\"elementor-post-date\">\n\t\t\t17 de mar\u00e7o de 2026\t\t<\/span>\n\t\t\t\t<\/div>\n\t\t\t\t<div class=\"elementor-post__excerpt\">\n\t\t\t<p>https:\/\/www.ahkfjx.com\/wp-content\/uploads\/2026\/02\/Haitian-16600T-2300-Injection-Molding-Machine-with-Kaifeng-Auxiliary-Equipment.mp4 Passeio no interior da \u00e1rea de montagem da m\u00e1quina de moldagem por inje\u00e7\u00e3o Haitian 16.600T-2300, emparelhada com equipamento auxiliar Kaifeng. Esta poderosa combina\u00e7\u00e3o representa o auge da<\/p>\n\t\t<\/div>\n\t\t\n\t\t<a class=\"elementor-post__read-more\" href=\"https:\/\/www.ahkfjx.com\/pt\/video\/haitian-16600t-2300-injection-molding-machine-with-kaifeng-auxiliary-equipment\/\" aria-label=\"Read more about Haitian 16600T-2300 Injection Molding Machine with Auxiliary Equipment\" tabindex=\"-1\" >\n\t\t\tLer mais \"\t\t<\/a>\n\n\t\t\t\t<\/div>\n\t\t\t\t<\/article>\n\t\t\t\t<article class=\"elementor-post elementor-grid-item post-6877 video type-video status-publish hentry\" role=\"listitem\">\n\t\t\t\t<div class=\"elementor-post__text\">\n\t\t\t\t<h2 class=\"elementor-post__title\">\n\t\t\t<a href=\"https:\/\/www.ahkfjx.com\/pt\/video\/1200-european-crusher-integrated-recycling-line-with-vibrating-screen\/\" >\n\t\t\t\tTriturador europeu 1200 Linha de reciclagem integrada com peneira vibrat\u00f3ria\t\t\t<\/a>\n\t\t<\/h2>\n\t\t\t\t<div class=\"elementor-post__meta-data\">\n\t\t\t\t\t<span class=\"elementor-post-date\">\n\t\t\t11 de fevereiro de 2026\t\t<\/span>\n\t\t\t\t<\/div>\n\t\t\t\t<div class=\"elementor-post__excerpt\">\n\t\t\t<p>https:\/\/www.ahkfjx.com\/wp-content\/uploads\/2026\/02\/1200-European-Crusher-Integrated-Recycling-Line-with-Vibrating-Screen.mp4 Entre nas instala\u00e7\u00f5es de tritura\u00e7\u00e3o da KAIFENG e testemunhe a poderosa sinergia do triturador de estilo europeu 1200, da correia transportadora, do crivo vibrat\u00f3rio e do sistema de reciclagem em<\/p>\n\t\t<\/div>\n\t\t\n\t\t<a class=\"elementor-post__read-more\" href=\"https:\/\/www.ahkfjx.com\/pt\/video\/1200-european-crusher-integrated-recycling-line-with-vibrating-screen\/\" aria-label=\"Read more about 1200 European Crusher Integrated Recycling Line with Vibrating Screen\" tabindex=\"-1\" >\n\t\t\tLer mais \"\t\t<\/a>\n\n\t\t\t\t<\/div>\n\t\t\t\t<\/article>\n\t\t\t\t<article class=\"elementor-post elementor-grid-item post-6870 video type-video status-publish hentry\" role=\"listitem\">\n\t\t\t\t<div class=\"elementor-post__text\">\n\t\t\t\t<h2 class=\"elementor-post__title\">\n\t\t\t<a href=\"https:\/\/www.ahkfjx.com\/pt\/video\/800-european-crusher-integrated-recycling-dust-separation-line\/\" >\n\t\t\t\tTriturador europeu 800 Linha integrada de reciclagem e separa\u00e7\u00e3o de poeiras\t\t\t<\/a>\n\t\t<\/h2>\n\t\t\t\t<div class=\"elementor-post__meta-data\">\n\t\t\t\t\t<span class=\"elementor-post-date\">\n\t\t\t11 de fevereiro de 2026\t\t<\/span>\n\t\t\t\t<\/div>\n\t\t\t\t<div class=\"elementor-post__excerpt\">\n\t\t\t<p>https:\/\/www.ahkfjx.com\/wp-content\/uploads\/2026\/02\/800-European-Style-Crusher-Integrated-Recycling-Dust-Separation-Line.mp4 Entre na linha de tritura\u00e7\u00e3o e reciclagem da KAIFENG e testemunhe a integra\u00e7\u00e3o perfeita do triturador de estilo europeu 800, da correia transportadora do detetor de metais e do sistema de reciclagem,<\/p>\n\t\t<\/div>\n\t\t\n\t\t<a class=\"elementor-post__read-more\" href=\"https:\/\/www.ahkfjx.com\/pt\/video\/800-european-crusher-integrated-recycling-dust-separation-line\/\" aria-label=\"Read more about 800 European Crusher Integrated Recycling &amp; Dust Separation Line\" tabindex=\"-1\" >\n\t\t\tLer mais \"\t\t<\/a>\n\n\t\t\t\t<\/div>\n\t\t\t\t<\/article>\n\t\t\t\t<\/div>\n\t\t\n\t\t\t\t<div class=\"e-load-more-anchor\" data-page=\"1\" data-max-page=\"2\" data-next-page=\"https:\/\/www.ahkfjx.com\/wp-json\/wp\/v2\/pages\/1968\/page\/2\/\"><\/div>\n\t\t\t\t<nav class=\"elementor-pagination\" aria-label=\"Pagination\">\n\t\t\t<span aria-current=\"page\" class=\"page-numbers current\"><span class=\"elementor-screen-only\">P\u00e1gina<\/span>1<\/span>\n<a class=\"page-numbers\" href=\"https:\/\/www.ahkfjx.com\/wp-json\/wp\/v2\/pages\/1968\/page\/2\/\"><span class=\"elementor-screen-only\">P\u00e1gina<\/span>2<\/a>\t\t<\/nav>\n\t\t\t\t\t\t<\/div>\n\t\t\t\t<\/div>\n\t\t\t\t\t<\/div>\n\t\t\t\t<\/div>\n\t\t\t\t<\/div>","protected":false},"excerpt":{"rendered":"<p>Videos Kaifeng collects many themes of plastic machine videos about working principles, processing, knowledge and so on.<\/p>","protected":false},"author":4,"featured_media":0,"parent":0,"menu_order":0,"comment_status":"closed","ping_status":"closed","template":"","meta":{"_acf_changed":false,"site-sidebar-layout":"no-sidebar","site-content-layout":"page-builder","ast-site-content-layout":"full-width-container","site-content-style":"default","site-sidebar-style":"default","ast-global-header-display":"","ast-banner-title-visibility":"","ast-main-header-display":"","ast-hfb-above-header-display":"","ast-hfb-below-header-display":"","ast-hfb-mobile-header-display":"","site-post-title":"disabled","ast-breadcrumbs-content":"","ast-featured-img":"disabled","footer-sml-layout":"","ast-disable-related-posts":"","theme-transparent-header-meta":"","adv-header-id-meta":"","stick-header-meta":"","header-above-stick-meta":"","header-main-stick-meta":"","header-below-stick-meta":"","astra-migrate-meta-layouts":"set","ast-page-background-enabled":"default","ast-page-background-meta":{"desktop":{"background-color":"","background-image":"","background-repeat":"repeat","background-position":"center center","background-size":"auto","background-attachment":"scroll","background-type":"","background-media":"","overlay-type":"","overlay-color":"","overlay-opacity":"","overlay-gradient":""},"tablet":{"background-color":"","background-image":"","background-repeat":"repeat","background-position":"center center","background-size":"auto","background-attachment":"scroll","background-type":"","background-media":"","overlay-type":"","overlay-color":"","overlay-opacity":"","overlay-gradient":""},"mobile":{"background-color":"","background-image":"","background-repeat":"repeat","background-position":"center center","background-size":"auto","background-attachment":"scroll","background-type":"","background-media":"","overlay-type":"","overlay-color":"","overlay-opacity":"","overlay-gradient":""}},"ast-content-background-meta":{"desktop":{"background-color":"var(--ast-global-color-5)","background-image":"","background-repeat":"repeat","background-position":"center center","background-size":"auto","background-attachment":"scroll","background-type":"","background-media":"","overlay-type":"","overlay-color":"","overlay-opacity":"","overlay-gradient":""},"tablet":{"background-color":"var(--ast-global-color-5)","background-image":"","background-repeat":"repeat","background-position":"center center","background-size":"auto","background-attachment":"scroll","background-type":"","background-media":"","overlay-type":"","overlay-color":"","overlay-opacity":"","overlay-gradient":""},"mobile":{"background-color":"var(--ast-global-color-5)","background-image":"","background-repeat":"repeat","background-position":"center center","background-size":"auto","background-attachment":"scroll","background-type":"","background-media":"","overlay-type":"","overlay-color":"","overlay-opacity":"","overlay-gradient":""}},"footnotes":""},"class_list":["post-1968","page","type-page","status-publish","hentry"],"acf":[],"_links":{"self":[{"href":"https:\/\/www.ahkfjx.com\/pt\/wp-json\/wp\/v2\/pages\/1968","targetHints":{"allow":["GET"]}}],"collection":[{"href":"https:\/\/www.ahkfjx.com\/pt\/wp-json\/wp\/v2\/pages"}],"about":[{"href":"https:\/\/www.ahkfjx.com\/pt\/wp-json\/wp\/v2\/types\/page"}],"author":[{"embeddable":true,"href":"https:\/\/www.ahkfjx.com\/pt\/wp-json\/wp\/v2\/users\/4"}],"replies":[{"embeddable":true,"href":"https:\/\/www.ahkfjx.com\/pt\/wp-json\/wp\/v2\/comments?post=1968"}],"version-history":[{"count":19,"href":"https:\/\/www.ahkfjx.com\/pt\/wp-json\/wp\/v2\/pages\/1968\/revisions"}],"predecessor-version":[{"id":7002,"href":"https:\/\/www.ahkfjx.com\/pt\/wp-json\/wp\/v2\/pages\/1968\/revisions\/7002"}],"wp:attachment":[{"href":"https:\/\/www.ahkfjx.com\/pt\/wp-json\/wp\/v2\/media?parent=1968"}],"curies":[{"name":"wp","href":"https:\/\/api.w.org\/{rel}","templated":true}]}}